{"id":3141,"date":"2022-02-10T14:47:44","date_gmt":"2022-02-10T18:47:44","guid":{"rendered":"https:\/\/pitapit.ca\/accessibilite\/"},"modified":"2025-05-06T11:02:04","modified_gmt":"2025-05-06T15:02:04","slug":"accessibilite","status":"publish","type":"page","link":"https:\/\/pitapit.ca\/fr\/accessibilite\/","title":{"rendered":"Accessibilit\u00e9"},"content":{"rendered":"<div class=\"fusion-fullwidth fullwidth-box fusion-builder-row-1 fusion-flex-container gradient-container-1 hundred-percent-fullwidth non-hundred-percent-height-scrolling\" style=\"--awb-border-sizes-left:1px;--awb-border-color:#b2b2b2;--awb-border-radius-top-left:0px;--awb-border-radius-top-right:0px;--awb-border-radius-bottom-right:0px;--awb-border-radius-bottom-left:0px;--awb-padding-top:50px;--awb-padding-right:50px;--awb-padding-bottom:50px;--awb-padding-left:50px;--awb-padding-right-medium:50px;--awb-padding-left-medium:50px;--awb-padding-top-small:25px;--awb-padding-right-small:25px;--awb-padding-bottom-small:25px;--awb-padding-left-small:25px;--awb-background-color:#ffffff;--awb-flex-wrap:wrap;\" ><div class=\"fusion-builder-row fusion-row fusion-flex-align-items-flex-start fusion-flex-content-wrap\" style=\"width:104% !important;max-width:104% !important;margin-left: calc(-4% \/ 2 );margin-right: calc(-4% \/ 2 );\"><div class=\"fusion-layout-column fusion_builder_column fusion-builder-column-0 fusion_builder_column_1_1 1_1 fusion-flex-column\" style=\"--awb-padding-bottom:25px;--awb-padding-top-medium:0px;--awb-padding-top-small:0px;--awb-padding-right-small:0px;--awb-padding-left-small:0px;--awb-bg-color:#ffffff;--awb-bg-color-hover:#ffffff;--awb-bg-position:center top;--awb-bg-size:cover;--awb-width-large:100%;--awb-margin-top-large:0px;--awb-spacing-right-large:1.92%;--awb-margin-bottom-large:0px;--awb-spacing-left-large:1.92%;--awb-width-medium:100%;--awb-order-medium:0;--awb-spacing-right-medium:1.92%;--awb-spacing-left-medium:1.92%;--awb-width-small:100%;--awb-order-small:0;--awb-spacing-right-small:1.92%;--awb-spacing-left-small:1.92%;\"><div class=\"fusion-column-wrapper fusion-column-has-shadow fusion-flex-justify-content-flex-start fusion-content-layout-column\"><div class=\"fusion-title title fusion-title-1 fusion-sep-none fusion-title-text fusion-title-size-one\" style=\"--awb-text-color:#5c9f32;--awb-margin-top:0px;--awb-margin-bottom-small:25px;\"><h1 class=\"fusion-title-heading title-heading-left fusion-responsive-typography-calculated\" style=\"margin:0;text-transform:uppercase;--fontSize:65;line-height:1.16;\">Accessibilit\u00e9<\/h1><\/div><\/div><\/div><div class=\"fusion-layout-column fusion_builder_column fusion-builder-column-1 fusion_builder_column_1_1 1_1 fusion-flex-column fusion-flex-align-self-center\" style=\"--awb-padding-top-medium:0px;--awb-padding-top-small:0px;--awb-bg-size:cover;--awb-width-large:100%;--awb-margin-top-large:0px;--awb-spacing-right-large:1.92%;--awb-margin-bottom-large:20px;--awb-spacing-left-large:1.92%;--awb-width-medium:100%;--awb-order-medium:0;--awb-spacing-right-medium:1.92%;--awb-margin-bottom-medium:0px;--awb-spacing-left-medium:1.92%;--awb-width-small:100%;--awb-order-small:0;--awb-spacing-right-small:1.92%;--awb-spacing-left-small:1.92%;\"><div class=\"fusion-column-wrapper fusion-column-has-shadow fusion-flex-justify-content-flex-start fusion-content-layout-column\"><div class=\"fusion-text fusion-text-1\" style=\"--awb-text-transform:none;\"><p>Le R\u00e8glement sur les normes d&rsquo;accessibilit\u00e9 int\u00e9gr\u00e9es (R\u00e8glement de l&rsquo;Ontario 191\/11), pris en application de la loi, comprend des normes d&rsquo;accessibilit\u00e9 pour les services \u00e0 la client\u00e8le, l&rsquo;information et les communications, l&#8217;emploi, le transport et la conception des espaces publics. Ces normes importantes visent \u00e0 cr\u00e9er un Ontario accessible et sans obstacles d&rsquo;ici 2025. Pour en savoir plus sur la LAPHO, cliquez\u00a0<a href=\"https:\/\/www.ontario.ca\/fr\/page\/accessibilite-en-ontario\" target=\"_blank\" rel=\"noopener\">ici<\/a>.<\/p>\n<p>Pita Pit s&rsquo;engage \u00e0 fournir ses biens et services d&rsquo;une mani\u00e8re qui garantit que tous ses clients sont trait\u00e9s avec dignit\u00e9 et respect et qu&rsquo;ils peuvent acc\u00e9der \u00e0 ses biens et services d&rsquo;une mani\u00e8re \u00e9quitable et sans discrimination ni obstacles \u00e0 l&rsquo;accessibilit\u00e9.<\/p>\n<p>L&rsquo;entreprise a cr\u00e9\u00e9 une politique de service client Pita Pit qui peut \u00eatre consult\u00e9e\u00a0<a href=\"https:\/\/pitapit.ca\/fr\/politique-service-client\/\">ici<\/a>. Vous pouvez lire la proc\u00e9dure de commentaires de Pita Pit ou envoyer un courriel \u00e0\u00a0<a href=\"mailto:accessibility@pitapit.ca\">accessibility@pitapit.ca<\/a>.<\/p>\n<\/div><\/div><\/div><\/div><\/div>\n","protected":false},"excerpt":{"rendered":"","protected":false},"author":4,"featured_media":0,"parent":0,"menu_order":0,"comment_status":"closed","ping_status":"closed","template":"100-width.php","meta":{"_acf_changed":false,"footnotes":""},"class_list":["post-3141","page","type-page","status-publish","hentry"],"acf":[],"_links":{"self":[{"href":"https:\/\/pitapit.ca\/fr\/wp-json\/wp\/v2\/pages\/3141","targetHints":{"allow":["GET"]}}],"collection":[{"href":"https:\/\/pitapit.ca\/fr\/wp-json\/wp\/v2\/pages"}],"about":[{"href":"https:\/\/pitapit.ca\/fr\/wp-json\/wp\/v2\/types\/page"}],"author":[{"embeddable":true,"href":"https:\/\/pitapit.ca\/fr\/wp-json\/wp\/v2\/users\/4"}],"replies":[{"embeddable":true,"href":"https:\/\/pitapit.ca\/fr\/wp-json\/wp\/v2\/comments?post=3141"}],"version-history":[{"count":3,"href":"https:\/\/pitapit.ca\/fr\/wp-json\/wp\/v2\/pages\/3141\/revisions"}],"predecessor-version":[{"id":5940,"href":"https:\/\/pitapit.ca\/fr\/wp-json\/wp\/v2\/pages\/3141\/revisions\/5940"}],"wp:attachment":[{"href":"https:\/\/pitapit.ca\/fr\/wp-json\/wp\/v2\/media?parent=3141"}],"curies":[{"name":"wp","href":"https:\/\/api.w.org\/{rel}","templated":true}]}}