{"id":3203,"date":"2022-02-10T16:37:43","date_gmt":"2022-02-10T20:37:43","guid":{"rendered":"https:\/\/pitapit.ca\/notre-histoire\/"},"modified":"2022-11-24T14:52:38","modified_gmt":"2022-11-24T18:52:38","slug":"notre-histoire","status":"publish","type":"page","link":"https:\/\/pitapit.ca\/fr\/notre-histoire\/","title":{"rendered":"Notre histoire"},"content":{"rendered":"<div class=\"fusion-fullwidth fullwidth-box fusion-builder-row-1 fusion-flex-container gradient-container-1 hundred-percent-fullwidth non-hundred-percent-height-scrolling\" style=\"--awb-border-sizes-left:1px;--awb-border-color:#b2b2b2;--awb-border-radius-top-left:0px;--awb-border-radius-top-right:0px;--awb-border-radius-bottom-right:0px;--awb-border-radius-bottom-left:0px;--awb-padding-top:50px;--awb-padding-right:50px;--awb-padding-bottom:50px;--awb-padding-left:50px;--awb-padding-right-medium:50px;--awb-padding-left-medium:50px;--awb-padding-top-small:25px;--awb-padding-right-small:25px;--awb-padding-bottom-small:25px;--awb-padding-left-small:25px;--awb-background-color:#ffffff;--awb-flex-wrap:wrap;\" ><div class=\"fusion-builder-row fusion-row fusion-flex-align-items-flex-start fusion-flex-content-wrap\" style=\"width:104% !important;max-width:104% !important;margin-left: calc(-4% \/ 2 );margin-right: calc(-4% \/ 2 );\"><div class=\"fusion-layout-column fusion_builder_column fusion-builder-column-0 fusion_builder_column_1_2 1_2 fusion-flex-column\" style=\"--awb-padding-bottom:25px;--awb-padding-top-medium:0px;--awb-padding-top-small:0px;--awb-padding-right-small:0px;--awb-padding-left-small:0px;--awb-bg-color:#ffffff;--awb-bg-color-hover:#ffffff;--awb-bg-position:center top;--awb-bg-size:cover;--awb-width-large:50%;--awb-margin-top-large:0px;--awb-spacing-right-large:3.84%;--awb-margin-bottom-large:0px;--awb-spacing-left-large:3.84%;--awb-width-medium:66.666666666667%;--awb-order-medium:0;--awb-spacing-right-medium:2.88%;--awb-spacing-left-medium:2.88%;--awb-width-small:100%;--awb-order-small:0;--awb-spacing-right-small:1.92%;--awb-spacing-left-small:1.92%;\"><div class=\"fusion-column-wrapper fusion-column-has-shadow fusion-flex-justify-content-flex-start fusion-content-layout-column\"><div class=\"fusion-title title fusion-title-1 fusion-sep-none fusion-title-text fusion-title-size-one\" style=\"--awb-text-color:#000000;--awb-margin-top:0px;--awb-margin-bottom-small:25px;\"><h1 class=\"fusion-title-heading title-heading-left fusion-responsive-typography-calculated\" style=\"margin:0;text-transform:uppercase;--fontSize:65;line-height:1.16;\">Notre <span style=\"color: #5c9f32;\">histoire<\/span><\/h1><\/div><div class=\"fusion-text fusion-text-1\" style=\"--awb-text-transform:none;\"><p>Il ne fait aucun doute que le slogan de Pita Pit tombe \u00e0 point. C\u2019est frais. C\u2019est sant\u00e9.<\/p>\n<\/div><\/div><\/div><div class=\"fusion-layout-column fusion_builder_column fusion-builder-column-1 fusion_builder_column_1_2 1_2 fusion-flex-column fusion-no-small-visibility\" style=\"--awb-padding-bottom:50px;--awb-padding-top-medium:0px;--awb-padding-top-small:50px;--awb-padding-right-small:25px;--awb-padding-left-small:25px;--awb-bg-color:#ffffff;--awb-bg-color-hover:#ffffff;--awb-bg-position:center top;--awb-bg-size:cover;--awb-width-large:50%;--awb-margin-top-large:0px;--awb-spacing-right-large:3.84%;--awb-margin-bottom-large:0px;--awb-spacing-left-large:3.84%;--awb-width-medium:33.333333333333%;--awb-order-medium:0;--awb-spacing-right-medium:5.76%;--awb-spacing-left-medium:5.76%;--awb-width-small:100%;--awb-order-small:0;--awb-spacing-right-small:1.92%;--awb-spacing-left-small:1.92%;\"><div class=\"fusion-column-wrapper fusion-column-has-shadow fusion-flex-justify-content-flex-start fusion-content-layout-column\"><\/div><\/div><div class=\"fusion-layout-column fusion_builder_column fusion-builder-column-2 fusion_builder_column_1_1 1_1 fusion-flex-column fusion-flex-align-self-center\" style=\"--awb-padding-top:50px;--awb-padding-top-medium:25px;--awb-padding-top-small:25px;--awb-bg-size:cover;--awb-width-large:100%;--awb-margin-top-large:0px;--awb-spacing-right-large:1.92%;--awb-margin-bottom-large:20px;--awb-spacing-left-large:1.92%;--awb-width-medium:100%;--awb-order-medium:0;--awb-spacing-right-medium:1.92%;--awb-margin-bottom-medium:0px;--awb-spacing-left-medium:1.92%;--awb-width-small:100%;--awb-order-small:0;--awb-spacing-right-small:1.92%;--awb-spacing-left-small:1.92%;\"><div class=\"fusion-column-wrapper fusion-column-has-shadow fusion-flex-justify-content-flex-start fusion-content-layout-column\"><div class=\"fusion-text fusion-text-2\" style=\"--awb-text-transform:none;\"><p><img decoding=\"async\" class=\"image-text-wrap alignleft wp-image-3035\" src=\"https:\/\/pitapit.ca\/wp-content\/uploads\/2021\/11\/lebanese-style-pita-sandwiches.png\" alt=\"Lebanese-style pita sandwiches\" width=\"397\" height=\"324\" srcset=\"https:\/\/pitapit.ca\/wp-content\/uploads\/2021\/11\/lebanese-style-pita-sandwiches-200x163.png 200w, https:\/\/pitapit.ca\/wp-content\/uploads\/2021\/11\/lebanese-style-pita-sandwiches-300x244.png 300w, https:\/\/pitapit.ca\/wp-content\/uploads\/2021\/11\/lebanese-style-pita-sandwiches-400x326.png 400w, https:\/\/pitapit.ca\/wp-content\/uploads\/2021\/11\/lebanese-style-pita-sandwiches.png 532w\" sizes=\"(max-width: 397px) 100vw, 397px\" \/>Quand Pita Pit a ouvert ses portes, en 1995, Braveheart a \u00e9t\u00e9 consacr\u00e9 meilleur film de l\u2019ann\u00e9e, Seinfeld faisait fureur, Internet en \u00e9tait \u00e0 ses balbutiements et le DVD \u00e9tait l\u2019innovation de l\u2019heure.<\/p>\n<p>Parall\u00e8lement, Nelson Lang et John Sotiriadis pr\u00e9paraient de leur c\u00f4t\u00e9 leur petite r\u00e9volution en ouvrant leur premier Pita Pit \u00e0 Kingston en Ontario.<\/p>\n<p>Il est vrai qu\u2019\u00e0 l\u2019\u00e9poque, la tendance de l\u2019alimentation sant\u00e9 que nous connaissons aujourd\u2019hui \u00e9tait encore loin, mais Nelson et John ont pris une longueur d\u2019avance. Ils \u00e9taient persuad\u00e9s que le moment \u00e9tait bien choisi pour offrir une solution de rechange fra\u00eeche et sant\u00e9 aux repas rapides traditionnels charg\u00e9s de mati\u00e8res grasses, de glucides et de calories. Leurs sandwiches sur pita \u00e0 la libanaise, d\u00e9bordants de l\u00e9gumes frais, de viandes grill\u00e9es et de sauces relev\u00e9es, ont imm\u00e9diatement remport\u00e9 la palme aupr\u00e8s des \u00e9tudiants coll\u00e9giaux et universitaires des environs. Il faut dire que le restaurant \u00e9tait ouvert jusque tard en soir\u00e9e, et m\u00eame jusqu\u2019au petit matin, ce qu\u2019ils appr\u00e9ciaient au moment de prendre une pause de leurs \u00e9tudes ou avant de rentrer apr\u00e8s une soir\u00e9e pass\u00e9e \u00e0 f\u00eater.<\/p>\n<p>Deux ans plus tard, des franchises ont commenc\u00e9 \u00e0 ouvrir leurs portes \u00e0 l\u2019\u00e9chelle du Canada. Deux autres ann\u00e9es se sont \u00e9coul\u00e9es avant le lancement de Pita Pit aux \u00c9tats-Unis, o\u00f9 le concept a instantan\u00e9ment s\u00e9duit des consommateurs de tout \u00e2ge.<\/p>\n<p>Aujourd\u2019hui, il y a plus de 450 Pita Pit en Ame\u0301rique du Nord, en Europe, en Asie, au Moyen-Orient et en Asie-Pacifique.<\/p>\n<p>Il ne fait aucun doute que le slogan de Pita Pit tombe \u00e0 point. C\u2019est frais. C\u2019est sant\u00e9.<\/p>\n<p><strong><a href=\"https:\/\/pitapit.ca\/fr\/durabilite\/\" target=\"_blank\" rel=\"noopener\">Lire la politique officielle de Pita Pit sur les \u0153ufs de poule en libert\u00e9.<\/a><\/strong><\/p>\n<\/div><\/div><\/div><\/div><\/div>\n","protected":false},"excerpt":{"rendered":"","protected":false},"author":4,"featured_media":0,"parent":0,"menu_order":0,"comment_status":"closed","ping_status":"closed","template":"100-width.php","meta":{"_acf_changed":false,"footnotes":""},"class_list":["post-3203","page","type-page","status-publish","hentry"],"acf":[],"_links":{"self":[{"href":"https:\/\/pitapit.ca\/fr\/wp-json\/wp\/v2\/pages\/3203","targetHints":{"allow":["GET"]}}],"collection":[{"href":"https:\/\/pitapit.ca\/fr\/wp-json\/wp\/v2\/pages"}],"about":[{"href":"https:\/\/pitapit.ca\/fr\/wp-json\/wp\/v2\/types\/page"}],"author":[{"embeddable":true,"href":"https:\/\/pitapit.ca\/fr\/wp-json\/wp\/v2\/users\/4"}],"replies":[{"embeddable":true,"href":"https:\/\/pitapit.ca\/fr\/wp-json\/wp\/v2\/comments?post=3203"}],"version-history":[{"count":3,"href":"https:\/\/pitapit.ca\/fr\/wp-json\/wp\/v2\/pages\/3203\/revisions"}],"predecessor-version":[{"id":4125,"href":"https:\/\/pitapit.ca\/fr\/wp-json\/wp\/v2\/pages\/3203\/revisions\/4125"}],"wp:attachment":[{"href":"https:\/\/pitapit.ca\/fr\/wp-json\/wp\/v2\/media?parent=3203"}],"curies":[{"name":"wp","href":"https:\/\/api.w.org\/{rel}","templated":true}]}}