{"id":3246,"date":"2022-02-14T10:45:59","date_gmt":"2022-02-14T14:45:59","guid":{"rendered":"https:\/\/pitapit.ca\/durabilite\/"},"modified":"2022-02-14T10:45:59","modified_gmt":"2022-02-14T14:45:59","slug":"durabilite","status":"publish","type":"page","link":"https:\/\/pitapit.ca\/fr\/durabilite\/","title":{"rendered":"Durabilit\u00e9"},"content":{"rendered":"<div class=\"fusion-fullwidth fullwidth-box fusion-builder-row-1 fusion-flex-container gradient-container-1 hundred-percent-fullwidth non-hundred-percent-height-scrolling\" style=\"--awb-border-sizes-left:1px;--awb-border-color:#b2b2b2;--awb-border-radius-top-left:0px;--awb-border-radius-top-right:0px;--awb-border-radius-bottom-right:0px;--awb-border-radius-bottom-left:0px;--awb-padding-top:50px;--awb-padding-right:50px;--awb-padding-bottom:50px;--awb-padding-left:50px;--awb-padding-right-medium:50px;--awb-padding-left-medium:50px;--awb-padding-top-small:25px;--awb-padding-right-small:25px;--awb-padding-bottom-small:25px;--awb-padding-left-small:25px;--awb-background-color:#ffffff;--awb-flex-wrap:wrap;\" ><div class=\"fusion-builder-row fusion-row fusion-flex-align-items-flex-start fusion-flex-content-wrap\" style=\"width:104% !important;max-width:104% !important;margin-left: calc(-4% \/ 2 );margin-right: calc(-4% \/ 2 );\"><div class=\"fusion-layout-column fusion_builder_column fusion-builder-column-0 fusion_builder_column_1_2 1_2 fusion-flex-column\" style=\"--awb-padding-bottom:25px;--awb-padding-top-medium:0px;--awb-padding-top-small:0px;--awb-padding-right-small:0px;--awb-padding-left-small:0px;--awb-bg-color:#ffffff;--awb-bg-color-hover:#ffffff;--awb-bg-position:center top;--awb-bg-size:cover;--awb-width-large:50%;--awb-margin-top-large:0px;--awb-spacing-right-large:3.84%;--awb-margin-bottom-large:0px;--awb-spacing-left-large:3.84%;--awb-width-medium:66.666666666667%;--awb-order-medium:0;--awb-spacing-right-medium:2.88%;--awb-spacing-left-medium:2.88%;--awb-width-small:100%;--awb-order-small:0;--awb-spacing-right-small:1.92%;--awb-spacing-left-small:1.92%;\"><div class=\"fusion-column-wrapper fusion-column-has-shadow fusion-flex-justify-content-flex-start fusion-content-layout-column\"><div class=\"fusion-title title fusion-title-1 fusion-sep-none fusion-title-text fusion-title-size-one\" style=\"--awb-text-color:#5c9f32;--awb-margin-top:0px;--awb-margin-bottom-small:25px;\"><h1 class=\"fusion-title-heading title-heading-left fusion-responsive-typography-calculated\" style=\"margin:0;text-transform:uppercase;--fontSize:65;line-height:1.16;\">Durabilit\u00e9<\/h1><\/div><\/div><\/div><div class=\"fusion-layout-column fusion_builder_column fusion-builder-column-1 fusion_builder_column_1_1 1_1 fusion-flex-column fusion-flex-align-self-center\" style=\"--awb-padding-top-medium:0px;--awb-padding-top-small:0px;--awb-bg-size:cover;--awb-width-large:100%;--awb-margin-top-large:0px;--awb-spacing-right-large:1.92%;--awb-margin-bottom-large:20px;--awb-spacing-left-large:1.92%;--awb-width-medium:100%;--awb-order-medium:0;--awb-spacing-right-medium:1.92%;--awb-margin-bottom-medium:0px;--awb-spacing-left-medium:1.92%;--awb-width-small:100%;--awb-order-small:0;--awb-spacing-right-small:1.92%;--awb-spacing-left-small:1.92%;\"><div class=\"fusion-column-wrapper fusion-column-has-shadow fusion-flex-justify-content-flex-start fusion-content-layout-column\"><div class=\"fusion-title title fusion-title-2 fusion-sep-none fusion-title-text fusion-title-size-three\"><h3 class=\"fusion-title-heading title-heading-left fusion-responsive-typography-calculated\" style=\"margin:0;text-transform:uppercase;--fontSize:40;line-height:1.3;\">Politique officielle en mati\u00e8re de bien-\u00eatre des animaux et de traitement humain<\/h3><\/div><div class=\"fusion-text fusion-text-1\" style=\"--awb-text-transform:none;\"><p>Les clients exceptionnels de Pita Pit Canada s&rsquo;attendent \u00e0 une qualit\u00e9 \u00e9lev\u00e9e et \u00e0 des normes \u00e9thiques strictes. C&rsquo;est pourquoi nous int\u00e9grons la responsabilit\u00e9 sociale dans toutes nos pratiques commerciales, avec des initiatives qui soutiennent l&rsquo;environnement, la communaut\u00e9, la s\u00e9curit\u00e9 alimentaire et le bien-\u00eatre des animaux.<\/p>\n<p>Comme nos clients, nous sommes pr\u00e9occup\u00e9s par le bien-\u00eatre des animaux utilis\u00e9s pour produire les aliments que nous proposons, et nous reconnaissons que la qualit\u00e9 et la s\u00e9curit\u00e9 d\u00e9pendent de la sant\u00e9 des animaux.<\/p>\n<p>Par cons\u00e9quent, Pita Pit Canada s&rsquo;est engag\u00e9 \u00e0 ce que ses producteurs de poulet respectent les normes de bien-\u00eatre animal d\u00e9finies par le Global Animal Partnership, un programme international de certification du bien-\u00eatre des animaux d&rsquo;\u00e9levage, d&rsquo;ici 2024.<\/p>\n<p>Pour les poulets, ces normes comprennent : la transition vers l&rsquo;utilisation de races d\u00e9termin\u00e9es comme ayant de meilleurs r\u00e9sultats en mati\u00e8re de bien-\u00eatre ; la fourniture de plus d&rsquo;espace en r\u00e9duisant la densit\u00e9 maximale d&rsquo;\u00e9levage ; l&rsquo;am\u00e9lioration des environnements de vie, notamment la qualit\u00e9 de la liti\u00e8re, l&rsquo;\u00e9clairage et les enrichissements ; et l&rsquo;utilisation d&rsquo;un syst\u00e8me d&rsquo;\u00e9tourdissement \u00e0 atmosph\u00e8re contr\u00f4l\u00e9e en plusieurs \u00e9tapes.<\/p>\n<p>Une autre fa\u00e7on pour Pita Pit Canada de s&rsquo;engager \u00e0 am\u00e9liorer le bien-\u00eatre de nos poules a \u00e9t\u00e9 de passer \u00e0 100 % d&rsquo;\u0153ufs provenant de poules en libert\u00e9 dans nos restaurants en 2019.<\/p>\n<p>Afin de mettre en \u0153uvre une politique compl\u00e8te en mati\u00e8re de bien-\u00eatre animal et de traitement sans cruaut\u00e9, Pita Pit Canada s&rsquo;est engag\u00e9 \u00e0 s&rsquo;approvisionner uniquement en porc aupr\u00e8s de producteurs qui n&rsquo;utilisent pas de stalles de gestation et en b\u0153uf provenant de p\u00e2turages enrichis dans des fermes canadiennes ax\u00e9es sur les animaux. Nous travaillerons avec nos fournisseurs pour atteindre les normes GAP de bien-\u00eatre animal pour toutes les prot\u00e9ines non v\u00e9g\u00e9tales d&rsquo;ici 2030.<\/p>\n<p>Nous sommes fiers de continuer \u00e0 travailler avec nos partenaires pour augmenter la disponibilit\u00e9 globale des ingr\u00e9dients \u00e9thiques dans la cha\u00eene alimentaire canadienne.<\/p>\n<\/div><\/div><\/div><\/div><\/div>\n","protected":false},"excerpt":{"rendered":"","protected":false},"author":4,"featured_media":0,"parent":0,"menu_order":0,"comment_status":"closed","ping_status":"closed","template":"100-width.php","meta":{"_acf_changed":false,"footnotes":""},"class_list":["post-3246","page","type-page","status-publish","hentry"],"acf":[],"_links":{"self":[{"href":"https:\/\/pitapit.ca\/fr\/wp-json\/wp\/v2\/pages\/3246","targetHints":{"allow":["GET"]}}],"collection":[{"href":"https:\/\/pitapit.ca\/fr\/wp-json\/wp\/v2\/pages"}],"about":[{"href":"https:\/\/pitapit.ca\/fr\/wp-json\/wp\/v2\/types\/page"}],"author":[{"embeddable":true,"href":"https:\/\/pitapit.ca\/fr\/wp-json\/wp\/v2\/users\/4"}],"replies":[{"embeddable":true,"href":"https:\/\/pitapit.ca\/fr\/wp-json\/wp\/v2\/comments?post=3246"}],"version-history":[{"count":2,"href":"https:\/\/pitapit.ca\/fr\/wp-json\/wp\/v2\/pages\/3246\/revisions"}],"predecessor-version":[{"id":3248,"href":"https:\/\/pitapit.ca\/fr\/wp-json\/wp\/v2\/pages\/3246\/revisions\/3248"}],"wp:attachment":[{"href":"https:\/\/pitapit.ca\/fr\/wp-json\/wp\/v2\/media?parent=3246"}],"curies":[{"name":"wp","href":"https:\/\/api.w.org\/{rel}","templated":true}]}}