{"id":5417,"date":"2024-07-09T14:04:40","date_gmt":"2024-07-09T18:04:40","guid":{"rendered":"https:\/\/pitapit.ca\/?page_id=5417"},"modified":"2024-07-09T14:04:42","modified_gmt":"2024-07-09T18:04:42","slug":"menu-de-petites-collations","status":"publish","type":"page","link":"https:\/\/pitapit.ca\/fr\/menu\/menu-de-petites-collations\/","title":{"rendered":"Menu de Petites Collations"},"content":{"rendered":"<p><div class=\"fusion-fullwidth fullwidth-box fusion-builder-row-1 fusion-flex-container gradient-container-1 hundred-percent-fullwidth non-hundred-percent-height-scrolling\" style=\"--awb-border-sizes-left:1px;--awb-border-color:#b2b2b2;--awb-border-radius-top-left:0px;--awb-border-radius-top-right:0px;--awb-border-radius-bottom-right:0px;--awb-border-radius-bottom-left:0px;--awb-padding-top:50px;--awb-padding-right:50px;--awb-padding-bottom:0px;--awb-padding-left:50px;--awb-padding-right-medium:50px;--awb-padding-left-medium:50px;--awb-padding-top-small:25px;--awb-padding-right-small:25px;--awb-padding-bottom-small:25px;--awb-padding-left-small:25px;--awb-background-color:#ffffff;--awb-flex-wrap:wrap;\" ><div class=\"fusion-builder-row fusion-row fusion-flex-align-items-flex-start fusion-flex-content-wrap\" style=\"width:104% !important;max-width:104% !important;margin-left: calc(-4% \/ 2 );margin-right: calc(-4% \/ 2 );\"><div class=\"fusion-layout-column fusion_builder_column fusion-builder-column-0 fusion_builder_column_1_1 1_1 fusion-flex-column\" style=\"--awb-padding-bottom:75px;--awb-padding-top-medium:0px;--awb-padding-bottom-medium:50px;--awb-padding-top-small:0px;--awb-padding-right-small:0px;--awb-padding-bottom-small:0px;--awb-padding-left-small:0px;--awb-bg-color:#ffffff;--awb-bg-color-hover:#ffffff;--awb-bg-position:center top;--awb-bg-size:cover;--awb-width-large:100%;--awb-margin-top-large:0px;--awb-spacing-right-large:1.92%;--awb-margin-bottom-large:0px;--awb-spacing-left-large:1.92%;--awb-width-medium:100%;--awb-order-medium:0;--awb-spacing-right-medium:1.92%;--awb-spacing-left-medium:1.92%;--awb-width-small:100%;--awb-order-small:0;--awb-spacing-right-small:1.92%;--awb-spacing-left-small:1.92%;\"><div class=\"fusion-column-wrapper fusion-column-has-shadow fusion-flex-justify-content-flex-start fusion-content-layout-column\"><div class=\"fusion-title title fusion-title-1 fusion-sep-none fusion-title-text fusion-title-size-one\" style=\"--awb-text-color:#000000;--awb-margin-top:0px;--awb-margin-bottom-small:25px;\"><h1 class=\"fusion-title-heading title-heading-left fusion-responsive-typography-calculated\" style=\"margin:0;text-transform:uppercase;--fontSize:65;line-height:1.16;\">Menu de Petites Collations<\/h1><\/div><div class=\"fusion-text fusion-text-1\" style=\"--awb-text-transform:none;\"><p>Envie de grignoter quelque chose de l\u00e9ger ? Notre menu de petites collations est s\u00fbr d&rsquo;avoir quelque chose pour tout le monde\u00a0!<\/p>\n<\/div><\/div><\/div><\/div><\/div><div class=\"fusion-fullwidth fullwidth-box fusion-builder-row-2 fusion-flex-container gradient-container-2 hundred-percent-fullwidth non-hundred-percent-height-scrolling\" style=\"--awb-border-sizes-left:1px;--awb-border-color:#b2b2b2;--awb-border-radius-top-left:0px;--awb-border-radius-top-right:0px;--awb-border-radius-bottom-right:0px;--awb-border-radius-bottom-left:0px;--awb-padding-top:0px;--awb-padding-right:50px;--awb-padding-bottom:50px;--awb-padding-left:50px;--awb-padding-right-medium:50px;--awb-padding-left-medium:50px;--awb-padding-top-small:25px;--awb-padding-right-small:25px;--awb-padding-bottom-small:25px;--awb-padding-left-small:25px;--awb-background-color:#ffffff;--awb-flex-wrap:wrap;\" ><div class=\"fusion-builder-row fusion-row fusion-flex-align-items-flex-start fusion-flex-content-wrap\" style=\"width:104% !important;max-width:104% !important;margin-left: calc(-4% \/ 2 );margin-right: calc(-4% \/ 2 );\"><div class=\"fusion-layout-column fusion_builder_column fusion-builder-column-1 fusion_builder_column_1_2 1_2 fusion-flex-column\" style=\"--awb-bg-size:cover;--awb-width-large:50%;--awb-margin-top-large:0px;--awb-spacing-right-large:3.84%;--awb-margin-bottom-large:20px;--awb-spacing-left-large:3.84%;--awb-width-medium:50%;--awb-order-medium:0;--awb-spacing-right-medium:3.84%;--awb-spacing-left-medium:3.84%;--awb-width-small:100%;--awb-order-small:0;--awb-spacing-right-small:1.92%;--awb-spacing-left-small:1.92%;\"><div class=\"fusion-column-wrapper fusion-column-has-shadow fusion-flex-justify-content-flex-start fusion-content-layout-column\"><div class=\"fusion-image-element \" style=\"text-align:center;--awb-max-width:300px;--awb-caption-title-font-family:var(--h2_typography-font-family);--awb-caption-title-font-weight:var(--h2_typography-font-weight);--awb-caption-title-font-style:var(--h2_typography-font-style);--awb-caption-title-size:var(--h2_typography-font-size);--awb-caption-title-transform:var(--h2_typography-text-transform);--awb-caption-title-line-height:var(--h2_typography-line-height);--awb-caption-title-letter-spacing:var(--h2_typography-letter-spacing);\"><span class=\" fusion-imageframe imageframe-none imageframe-1 hover-type-none\"><img decoding=\"async\" width=\"2560\" height=\"2560\" alt=\"menu de petites collations - B\u00e2tonnets de Haloumi - Pita Pit\" title=\"Side-snacks-halloumi-sticks5593x5593\" src=\"https:\/\/pitapit.ca\/wp-content\/uploads\/2024\/07\/Side-snacks-halloumi-sticks5593x5593-scaled.jpg\" class=\"img-responsive wp-image-5431\" srcset=\"https:\/\/pitapit.ca\/wp-content\/uploads\/2024\/07\/Side-snacks-halloumi-sticks5593x5593-200x200.jpg 200w, https:\/\/pitapit.ca\/wp-content\/uploads\/2024\/07\/Side-snacks-halloumi-sticks5593x5593-400x400.jpg 400w, https:\/\/pitapit.ca\/wp-content\/uploads\/2024\/07\/Side-snacks-halloumi-sticks5593x5593-600x600.jpg 600w, https:\/\/pitapit.ca\/wp-content\/uploads\/2024\/07\/Side-snacks-halloumi-sticks5593x5593-800x800.jpg 800w, https:\/\/pitapit.ca\/wp-content\/uploads\/2024\/07\/Side-snacks-halloumi-sticks5593x5593-1200x1200.jpg 1200w, https:\/\/pitapit.ca\/wp-content\/uploads\/2024\/07\/Side-snacks-halloumi-sticks5593x5593-scaled.jpg 2560w\" sizes=\"(max-width: 640px) 100vw, 600px\" \/><\/span><\/div><div class=\"fusion-title title fusion-title-2 fusion-sep-none fusion-title-center fusion-title-text fusion-title-size-three\" style=\"--awb-margin-top:25px;--awb-margin-bottom:25px;--awb-font-size:28px;\"><h3 class=\"fusion-title-heading title-heading-center fusion-responsive-typography-calculated\" style=\"margin:0;font-size:1em;text-transform:uppercase;--fontSize:28;line-height:1.3;\"><strong>B\u00e2tonnets de Haloumi<\/strong><\/h3><\/div><div class=\"fusion-text fusion-text-2\" style=\"--awb-text-transform:none;\"><p>B\u00e2tonnets de fromage Halloumi grill\u00e9 avec un choix de trempette \u00e0 c\u00f4t\u00e9<\/p>\n<\/div><\/div><\/div><div class=\"fusion-layout-column fusion_builder_column fusion-builder-column-2 fusion_builder_column_1_2 1_2 fusion-flex-column\" style=\"--awb-bg-size:cover;--awb-width-large:50%;--awb-margin-top-large:0px;--awb-spacing-right-large:3.84%;--awb-margin-bottom-large:20px;--awb-spacing-left-large:3.84%;--awb-width-medium:50%;--awb-order-medium:0;--awb-spacing-right-medium:3.84%;--awb-spacing-left-medium:3.84%;--awb-width-small:100%;--awb-order-small:0;--awb-spacing-right-small:1.92%;--awb-spacing-left-small:1.92%;\"><div class=\"fusion-column-wrapper fusion-column-has-shadow fusion-flex-justify-content-flex-start fusion-content-layout-column\"><div class=\"fusion-image-element \" style=\"text-align:center;--awb-max-width:300px;--awb-caption-title-font-family:var(--h2_typography-font-family);--awb-caption-title-font-weight:var(--h2_typography-font-weight);--awb-caption-title-font-style:var(--h2_typography-font-style);--awb-caption-title-size:var(--h2_typography-font-size);--awb-caption-title-transform:var(--h2_typography-text-transform);--awb-caption-title-line-height:var(--h2_typography-line-height);--awb-caption-title-letter-spacing:var(--h2_typography-letter-spacing);\"><span class=\" fusion-imageframe imageframe-none imageframe-2 hover-type-none\"><img decoding=\"async\" width=\"2560\" height=\"2560\" alt=\"menu de petites collations - Falafel - Pita Pit\" title=\"Side-snacks-falafel-and-dip 5593&#215;5593\" src=\"https:\/\/pitapit.ca\/wp-content\/uploads\/2024\/07\/Side-snacks-falafel-and-dip-5593x5593-1-scaled.jpg\" class=\"img-responsive wp-image-5429\" srcset=\"https:\/\/pitapit.ca\/wp-content\/uploads\/2024\/07\/Side-snacks-falafel-and-dip-5593x5593-1-200x200.jpg 200w, https:\/\/pitapit.ca\/wp-content\/uploads\/2024\/07\/Side-snacks-falafel-and-dip-5593x5593-1-400x400.jpg 400w, https:\/\/pitapit.ca\/wp-content\/uploads\/2024\/07\/Side-snacks-falafel-and-dip-5593x5593-1-600x600.jpg 600w, https:\/\/pitapit.ca\/wp-content\/uploads\/2024\/07\/Side-snacks-falafel-and-dip-5593x5593-1-800x800.jpg 800w, https:\/\/pitapit.ca\/wp-content\/uploads\/2024\/07\/Side-snacks-falafel-and-dip-5593x5593-1-1200x1200.jpg 1200w, https:\/\/pitapit.ca\/wp-content\/uploads\/2024\/07\/Side-snacks-falafel-and-dip-5593x5593-1-scaled.jpg 2560w\" sizes=\"(max-width: 640px) 100vw, 600px\" \/><\/span><\/div><div class=\"fusion-title title fusion-title-3 fusion-sep-none fusion-title-center fusion-title-text fusion-title-size-three\" style=\"--awb-margin-top:25px;--awb-margin-bottom:25px;--awb-font-size:28px;\"><h3 class=\"fusion-title-heading title-heading-center fusion-responsive-typography-calculated\" style=\"margin:0;font-size:1em;text-transform:uppercase;--fontSize:28;line-height:1.3;\"><strong>Falafel<\/strong><\/h3><\/div><div class=\"fusion-text fusion-text-3\" style=\"--awb-text-transform:none;\"><p>Galettes de pois chiches aux \u00e9pices, grill\u00e9es avec un choix de trempette \u00e0 c\u00f4t\u00e9<\/p>\n<\/div><\/div><\/div><div class=\"fusion-layout-column fusion_builder_column fusion-builder-column-3 fusion_builder_column_1_2 1_2 fusion-flex-column\" style=\"--awb-bg-size:cover;--awb-width-large:50%;--awb-margin-top-large:0px;--awb-spacing-right-large:3.84%;--awb-margin-bottom-large:20px;--awb-spacing-left-large:3.84%;--awb-width-medium:50%;--awb-order-medium:0;--awb-spacing-right-medium:3.84%;--awb-spacing-left-medium:3.84%;--awb-width-small:100%;--awb-order-small:0;--awb-spacing-right-small:1.92%;--awb-spacing-left-small:1.92%;\"><div class=\"fusion-column-wrapper fusion-column-has-shadow fusion-flex-justify-content-flex-start fusion-content-layout-column\"><div class=\"fusion-image-element \" style=\"text-align:center;--awb-max-width:300px;--awb-caption-title-font-family:var(--h2_typography-font-family);--awb-caption-title-font-weight:var(--h2_typography-font-weight);--awb-caption-title-font-style:var(--h2_typography-font-style);--awb-caption-title-size:var(--h2_typography-font-size);--awb-caption-title-transform:var(--h2_typography-text-transform);--awb-caption-title-line-height:var(--h2_typography-line-height);--awb-caption-title-letter-spacing:var(--h2_typography-letter-spacing);\"><span class=\" fusion-imageframe imageframe-none imageframe-3 hover-type-none\"><img decoding=\"async\" width=\"2560\" height=\"2560\" alt=\"Menu de petites collations - Bouch\u00e9es Buffalo - Pita Pit\" title=\"Side-snacks-buffalo-bites 5593&#215;5593\" src=\"https:\/\/pitapit.ca\/wp-content\/uploads\/2024\/07\/Side-snacks-buffalo-bites-5593x5593-1-scaled.jpg\" class=\"img-responsive wp-image-5427\" srcset=\"https:\/\/pitapit.ca\/wp-content\/uploads\/2024\/07\/Side-snacks-buffalo-bites-5593x5593-1-200x200.jpg 200w, https:\/\/pitapit.ca\/wp-content\/uploads\/2024\/07\/Side-snacks-buffalo-bites-5593x5593-1-400x400.jpg 400w, https:\/\/pitapit.ca\/wp-content\/uploads\/2024\/07\/Side-snacks-buffalo-bites-5593x5593-1-600x600.jpg 600w, https:\/\/pitapit.ca\/wp-content\/uploads\/2024\/07\/Side-snacks-buffalo-bites-5593x5593-1-800x800.jpg 800w, https:\/\/pitapit.ca\/wp-content\/uploads\/2024\/07\/Side-snacks-buffalo-bites-5593x5593-1-1200x1200.jpg 1200w, https:\/\/pitapit.ca\/wp-content\/uploads\/2024\/07\/Side-snacks-buffalo-bites-5593x5593-1-scaled.jpg 2560w\" sizes=\"(max-width: 640px) 100vw, 600px\" \/><\/span><\/div><div class=\"fusion-title title fusion-title-4 fusion-sep-none fusion-title-center fusion-title-text fusion-title-size-three\" style=\"--awb-margin-top:25px;--awb-margin-bottom:25px;--awb-font-size:28px;\"><h3 class=\"fusion-title-heading title-heading-center fusion-responsive-typography-calculated\" style=\"margin:0;font-size:1em;text-transform:uppercase;--fontSize:28;line-height:1.3;\"><strong>Bouch\u00e9es Buffalo<\/strong><\/h3><\/div><div class=\"fusion-text fusion-text-4\" style=\"--awb-text-transform:none;\"><p>Bouch\u00e9es de poitrine de poulet \u00e9pic\u00e9s pan\u00e9s et enrob\u00e9s de la sauce de votre choix avec un choix de trempette \u00e0 c\u00f4t\u00e9<\/p>\n<\/div><\/div><\/div><div class=\"fusion-layout-column fusion_builder_column fusion-builder-column-4 fusion_builder_column_1_2 1_2 fusion-flex-column\" style=\"--awb-bg-size:cover;--awb-width-large:50%;--awb-margin-top-large:0px;--awb-spacing-right-large:3.84%;--awb-margin-bottom-large:20px;--awb-spacing-left-large:3.84%;--awb-width-medium:50%;--awb-order-medium:0;--awb-spacing-right-medium:3.84%;--awb-spacing-left-medium:3.84%;--awb-width-small:100%;--awb-order-small:0;--awb-spacing-right-small:1.92%;--awb-spacing-left-small:1.92%;\"><div class=\"fusion-column-wrapper fusion-column-has-shadow fusion-flex-justify-content-flex-start fusion-content-layout-column\"><div class=\"fusion-image-element \" style=\"text-align:center;--awb-max-width:300px;--awb-caption-title-font-family:var(--h2_typography-font-family);--awb-caption-title-font-weight:var(--h2_typography-font-weight);--awb-caption-title-font-style:var(--h2_typography-font-style);--awb-caption-title-size:var(--h2_typography-font-size);--awb-caption-title-transform:var(--h2_typography-text-transform);--awb-caption-title-line-height:var(--h2_typography-line-height);--awb-caption-title-letter-spacing:var(--h2_typography-letter-spacing);\"><span class=\" fusion-imageframe imageframe-none imageframe-4 hover-type-none\"><img decoding=\"async\" width=\"2560\" height=\"2560\" alt=\"Menu de petites collations - Croustilles de pita - Pita Pit\" title=\"Fresh Baked Pita Chips 5593&#215;5593\" src=\"https:\/\/pitapit.ca\/wp-content\/uploads\/2024\/07\/Fresh-Baked-Pita-Chips-5593x5593-1-scaled.jpg\" class=\"img-responsive wp-image-5425\" srcset=\"https:\/\/pitapit.ca\/wp-content\/uploads\/2024\/07\/Fresh-Baked-Pita-Chips-5593x5593-1-200x200.jpg 200w, https:\/\/pitapit.ca\/wp-content\/uploads\/2024\/07\/Fresh-Baked-Pita-Chips-5593x5593-1-400x400.jpg 400w, https:\/\/pitapit.ca\/wp-content\/uploads\/2024\/07\/Fresh-Baked-Pita-Chips-5593x5593-1-600x600.jpg 600w, https:\/\/pitapit.ca\/wp-content\/uploads\/2024\/07\/Fresh-Baked-Pita-Chips-5593x5593-1-800x800.jpg 800w, https:\/\/pitapit.ca\/wp-content\/uploads\/2024\/07\/Fresh-Baked-Pita-Chips-5593x5593-1-1200x1200.jpg 1200w, https:\/\/pitapit.ca\/wp-content\/uploads\/2024\/07\/Fresh-Baked-Pita-Chips-5593x5593-1-scaled.jpg 2560w\" sizes=\"(max-width: 640px) 100vw, 600px\" \/><\/span><\/div><div class=\"fusion-title title fusion-title-5 fusion-sep-none fusion-title-center fusion-title-text fusion-title-size-three\" style=\"--awb-margin-top:25px;--awb-margin-bottom:25px;--awb-font-size:28px;\"><h3 class=\"fusion-title-heading title-heading-center fusion-responsive-typography-calculated\" style=\"margin:0;font-size:1em;text-transform:uppercase;--fontSize:28;line-height:1.3;\"><strong>Croustilles de pita<\/strong><\/h3><\/div><div class=\"fusion-text fusion-text-5\" style=\"--awb-text-transform:none;\"><p>Croustilles de pita fra\u00eechement cuits au four avec un choix de trempette \u00e0 c\u00f4t\u00e9<\/p>\n<\/div><\/div><\/div><\/div><\/div><div class=\"fusion-fullwidth fullwidth-box fusion-builder-row-3 fusion-flex-container gradient-container-3 hundred-percent-fullwidth non-hundred-percent-height-scrolling\" style=\"--awb-border-sizes-left:1px;--awb-border-color:#b2b2b2;--awb-border-radius-top-left:0px;--awb-border-radius-top-right:0px;--awb-border-radius-bottom-right:0px;--awb-border-radius-bottom-left:0px;--awb-padding-top:50px;--awb-padding-right:50px;--awb-padding-bottom:50px;--awb-padding-left:50px;--awb-padding-right-medium:50px;--awb-padding-left-medium:50px;--awb-padding-top-small:25px;--awb-padding-right-small:25px;--awb-padding-bottom-small:25px;--awb-padding-left-small:25px;--awb-background-color:#ffffff;--awb-flex-wrap:wrap;\" ><div class=\"fusion-builder-row fusion-row fusion-flex-align-items-flex-end fusion-flex-content-wrap\" style=\"width:104% !important;max-width:104% !important;margin-left: calc(-4% \/ 2 );margin-right: calc(-4% \/ 2 );\"><div class=\"fusion-layout-column fusion_builder_column fusion-builder-column-5 fusion_builder_column_1_1 1_1 fusion-flex-column\" style=\"--awb-padding-bottom:50px;--awb-padding-top-medium:0px;--awb-padding-top-small:0px;--awb-padding-right-small:0px;--awb-padding-left-small:0px;--awb-bg-color:#ffffff;--awb-bg-color-hover:#ffffff;--awb-bg-position:center top;--awb-bg-size:cover;--awb-width-large:100%;--awb-margin-top-large:0px;--awb-spacing-right-large:1.92%;--awb-margin-bottom-large:0px;--awb-spacing-left-large:1.92%;--awb-width-medium:100%;--awb-order-medium:0;--awb-spacing-right-medium:1.92%;--awb-spacing-left-medium:1.92%;--awb-width-small:100%;--awb-order-small:0;--awb-spacing-right-small:1.92%;--awb-spacing-left-small:1.92%;\"><div class=\"fusion-column-wrapper fusion-column-has-shadow fusion-flex-justify-content-flex-start fusion-content-layout-column\"><div class=\"fusion-title title fusion-title-6 fusion-sep-none fusion-title-center fusion-title-text fusion-title-size-two\" style=\"--awb-text-color:#000000;--awb-margin-top:0px;--awb-margin-bottom-small:25px;\"><h2 class=\"fusion-title-heading title-heading-center fusion-responsive-typography-calculated\" style=\"margin:0;text-transform:uppercase;--fontSize:50;line-height:1.2;\">Vous vous sentez cr\u00e9atif?<\/h2><\/div><div style=\"text-align:center;\"><a class=\"fusion-button button-flat fusion-button-default-size button-custom fusion-button-default button-1 fusion-button-span-no fusion-button-default-type\" style=\"--button_accent_color:#ffffff;--button_accent_hover_color:#ffffff;--button_border_hover_color:#ffffff;--button_border_width-top:25px;--button_border_width-right:0px;--button_border_width-bottom:0px;--button_border_width-left:0px;--button_gradient_top_color:#a5d283;--button_gradient_bottom_color:#a5d283;--button_gradient_top_color_hover:#d02c2f;--button_gradient_bottom_color_hover:#d02c2f;--button_text_transform:uppercase;--button_font_size:30px;--button_padding-top:25px;--button_padding-right:50px;--button_padding-bottom:25px;--button_padding-left:50px;\" target=\"_blank\" rel=\"noopener noreferrer\" href=\"\/wp-content\/uploads\/2022\/02\/PP_BuildYourOwn_FR.pdf\"><span class=\"fusion-button-text awb-button__text awb-button__text--default\">Inventez votre propre pita<\/span><\/a><\/div><\/div><\/div><\/div><\/div><\/p>\n","protected":false},"excerpt":{"rendered":"","protected":false},"author":21,"featured_media":0,"parent":3181,"menu_order":0,"comment_status":"closed","ping_status":"closed","template":"100-width.php","meta":{"_acf_changed":false,"footnotes":""},"class_list":["post-5417","page","type-page","status-publish","hentry"],"acf":[],"_links":{"self":[{"href":"https:\/\/pitapit.ca\/fr\/wp-json\/wp\/v2\/pages\/5417","targetHints":{"allow":["GET"]}}],"collection":[{"href":"https:\/\/pitapit.ca\/fr\/wp-json\/wp\/v2\/pages"}],"about":[{"href":"https:\/\/pitapit.ca\/fr\/wp-json\/wp\/v2\/types\/page"}],"author":[{"embeddable":true,"href":"https:\/\/pitapit.ca\/fr\/wp-json\/wp\/v2\/users\/21"}],"replies":[{"embeddable":true,"href":"https:\/\/pitapit.ca\/fr\/wp-json\/wp\/v2\/comments?post=5417"}],"version-history":[{"count":5,"href":"https:\/\/pitapit.ca\/fr\/wp-json\/wp\/v2\/pages\/5417\/revisions"}],"predecessor-version":[{"id":5441,"href":"https:\/\/pitapit.ca\/fr\/wp-json\/wp\/v2\/pages\/5417\/revisions\/5441"}],"up":[{"embeddable":true,"href":"https:\/\/pitapit.ca\/fr\/wp-json\/wp\/v2\/pages\/3181"}],"wp:attachment":[{"href":"https:\/\/pitapit.ca\/fr\/wp-json\/wp\/v2\/media?parent=5417"}],"curies":[{"name":"wp","href":"https:\/\/api.w.org\/{rel}","templated":true}]}}